{"id":57,"date":"2024-10-11T14:17:28","date_gmt":"2024-10-11T14:17:28","guid":{"rendered":"https:\/\/theplantfestival.com\/?page_id=57"},"modified":"2025-05-07T08:56:16","modified_gmt":"2025-05-07T06:56:16","slug":"exposant-worden","status":"publish","type":"page","link":"https:\/\/theplantfestival.com\/nl\/aussteller-werden\/","title":{"rendered":"Exposant worden"},"content":{"rendered":"\t\t<div data-elementor-type=\"wp-page\" data-elementor-id=\"57\" class=\"elementor elementor-57\" data-elementor-post-type=\"page\">\n\t\t\t\t<div class=\"elementor-element elementor-element-3fc2331 e-flex e-con-boxed e-con e-parent\" data-id=\"3fc2331\" data-element_type=\"container\" data-e-type=\"container\">\n\t\t\t\t\t<div class=\"e-con-inner\">\n\t\t\t\t<div class=\"elementor-element elementor-element-37fbc43 elementor-widget elementor-widget-text-editor\" data-id=\"37fbc43\" data-element_type=\"widget\" data-e-type=\"widget\" data-widget_type=\"text-editor.default\">\n\t\t\t\t<div class=\"elementor-widget-container\">\n\t\t\t\t\t\t\t\t\t<p><span style=\"color: #000000;\">Du m\u00f6chtest gerne am The Plant Festival als Aussteller teilnehmen ?<\/span><br \/><span style=\"color: #000000;\">Dann f\u00fclle uns bitte das folgende Formular aus, du erh\u00e4lst m\u00f6glichst zeitnah eine R\u00fcckmeldung von uns ob wir noch Standfl\u00e4che \u00fcbrig haben.<\/span><\/p><p><span style=\"color: #000000;\">*Hinweis: Unsere Tische haben die Ma\u00dfe 2,2m x 0,5m &#8211; Je Reservierung ist eine Eintrittskarte inklusive, weitere Karten f\u00fcr z.B. Mitarbeiter bitte angeben.<br \/><\/span><\/p>\t\t\t\t\t\t\t\t<\/div>\n\t\t\t\t<\/div>\n\t\t\t\t<div class=\"elementor-element elementor-element-9eecc12 elementor-widget elementor-widget-heading\" data-id=\"9eecc12\" data-element_type=\"widget\" data-e-type=\"widget\" data-widget_type=\"heading.default\">\n\t\t\t\t<div class=\"elementor-widget-container\">\n\t\t\t\t\t<h4 class=\"elementor-heading-title elementor-size-default\">Preise exkl. MwSt. :<\/h4>\t\t\t\t<\/div>\n\t\t\t\t<\/div>\n\t\t\t\t<div class=\"elementor-element elementor-element-afb55e5 elementor-widget elementor-widget-price-list\" data-id=\"afb55e5\" data-element_type=\"widget\" data-e-type=\"widget\" data-widget_type=\"price-list.default\">\n\t\t\t\t<div class=\"elementor-widget-container\">\n\t\t\t\t\t\n\t\t<ul class=\"elementor-price-list\">\n\n\t\t\t\t\t\t\t\t\t<li class=\"elementor-price-list-item\">\t\t\t\t\n\t\t\t\t<div class=\"elementor-price-list-text\">\n\t\t\t\t\t\t\t\t\t<div class=\"elementor-price-list-header\">\n\t\t\t\t\t\t\t\t\t\t\t<span class=\"elementor-price-list-title\">\n\t\t\t\t\t\t\tTisch\t\t\t\t\t\t<\/span>\n\t\t\t\t\t\t\t\t\t\t\t\t\t\t\t\t\t\t\t\t\t\t\t\t<span class=\"elementor-price-list-price\">50\u20ac<\/span>\n\t\t\t\t\t\t\t\t\t\t<\/div>\n\t\t\t\t\t\t\t\t\t\t\t\t<\/div>\n\t\t\t\t<\/li>\t\t\t\t\t\t\t\t\t\t\t\t<li class=\"elementor-price-list-item\">\t\t\t\t\n\t\t\t\t<div class=\"elementor-price-list-text\">\n\t\t\t\t\t\t\t\t\t<div class=\"elementor-price-list-header\">\n\t\t\t\t\t\t\t\t\t\t\t<span class=\"elementor-price-list-title\">\n\t\t\t\t\t\t\tTisch zum aufdoppeln\t\t\t\t\t\t<\/span>\n\t\t\t\t\t\t\t\t\t\t\t\t\t\t\t\t\t\t\t\t\t\t\t\t<span class=\"elementor-price-list-price\">30\u20ac<\/span>\n\t\t\t\t\t\t\t\t\t\t<\/div>\n\t\t\t\t\t\t\t\t\t\t\t\t<\/div>\n\t\t\t\t<\/li>\t\t\t\t\t\t\t\t\t\t\t\t<li class=\"elementor-price-list-item\">\t\t\t\t\n\t\t\t\t<div class=\"elementor-price-list-text\">\n\t\t\t\t\t\t\t\t\t<div class=\"elementor-price-list-header\">\n\t\t\t\t\t\t\t\t\t\t\t<span class=\"elementor-price-list-title\">\n\t\t\t\t\t\t\tFreifl\u00e4che pro m\u00b2\t\t\t\t\t\t<\/span>\n\t\t\t\t\t\t\t\t\t\t\t\t\t\t\t\t\t\t\t\t\t\t\t\t<span class=\"elementor-price-list-price\">25\u20ac<\/span>\n\t\t\t\t\t\t\t\t\t\t<\/div>\n\t\t\t\t\t\t\t\t\t\t\t\t<\/div>\n\t\t\t\t<\/li>\t\t\t\t\t\t\t\t\t\t\t\t<li class=\"elementor-price-list-item\">\t\t\t\t\n\t\t\t\t<div class=\"elementor-price-list-text\">\n\t\t\t\t\t\t\t\t\t<div class=\"elementor-price-list-header\">\n\t\t\t\t\t\t\t\t\t\t\t<span class=\"elementor-price-list-title\">\n\t\t\t\t\t\t\tStuhl\t\t\t\t\t\t<\/span>\n\t\t\t\t\t\t\t\t\t\t\t\t\t\t\t\t\t\t\t\t\t\t\t\t<span class=\"elementor-price-list-price\">5\u20ac<\/span>\n\t\t\t\t\t\t\t\t\t\t<\/div>\n\t\t\t\t\t\t\t\t\t\t\t\t<\/div>\n\t\t\t\t<\/li>\t\t\t\t\t\t\t\t\t\t\t\t<li class=\"elementor-price-list-item\">\t\t\t\t\n\t\t\t\t<div class=\"elementor-price-list-text\">\n\t\t\t\t\t\t\t\t\t<div class=\"elementor-price-list-header\">\n\t\t\t\t\t\t\t\t\t\t\t<span class=\"elementor-price-list-title\">\n\t\t\t\t\t\t\tStromanschluss\t\t\t\t\t\t<\/span>\n\t\t\t\t\t\t\t\t\t\t\t\t\t\t\t\t\t\t\t\t\t\t\t\t<span class=\"elementor-price-list-price\">20\u20ac<\/span>\n\t\t\t\t\t\t\t\t\t\t<\/div>\n\t\t\t\t\t\t\t\t\t\t\t\t<\/div>\n\t\t\t\t<\/li>\t\t\t\t\t\n\t\t<\/ul>\n\n\t\t\t\t\t\t<\/div>\n\t\t\t\t<\/div>\n\t\t\t\t<div class=\"elementor-element elementor-element-f8b0154 elementor-widget elementor-widget-shortcode\" data-id=\"f8b0154\" data-element_type=\"widget\" data-e-type=\"widget\" data-widget_type=\"shortcode.default\">\n\t\t\t\t<div class=\"elementor-widget-container\">\n\t\t\t\t\t\t\t<div class=\"elementor-shortcode\"><div class=\"wpforms-container wpforms-container-full wpforms-render-modern\" id=\"wpforms-50\"><form id=\"wpforms-form-50\" class=\"wpforms-validate wpforms-form wpforms-ajax-form\" data-formid=\"50\" method=\"post\" enctype=\"multipart\/form-data\" action=\"\/nl\/wp-json\/wp\/v2\/pages\/57\" data-token=\"82e6b704d3e007b806734ec0d13766f9\" data-token-time=\"1777506779\"><noscript class=\"wpforms-error-noscript\">Schakel JavaScript in je browser in om dit formulier in te vullen.<\/noscript><div class=\"wpforms-hidden\" id=\"wpforms-error-noscript\">Schakel JavaScript in je browser in om dit formulier in te vullen.<\/div><div class=\"wpforms-field-container\"><div id=\"wpforms-50-field_6-container\" class=\"wpforms-field wpforms-field-name wpforms-one-half wpforms-first\" data-field-id=\"6\"><fieldset><legend class=\"wpforms-field-label\">Name <span class=\"wpforms-required-label\" aria-hidden=\"true\">*<\/span><\/legend><div class=\"wpforms-field-row wpforms-field-large\"><div class=\"wpforms-field-row-block wpforms-first wpforms-one-half\"><input type=\"text\" id=\"wpforms-50-field_6\" class=\"wpforms-field-name-first wpforms-field-required\" name=\"wpforms[fields][6][first]\" aria-errormessage=\"wpforms-50-field_6-error\" required><label for=\"wpforms-50-field_6\" class=\"wpforms-field-sublabel after\">Voornaam<\/label><\/div><div class=\"wpforms-field-row-block wpforms-one-half\"><input type=\"text\" id=\"wpforms-50-field_6-last\" class=\"wpforms-field-name-last wpforms-field-required\" name=\"wpforms[fields][6][last]\" aria-errormessage=\"wpforms-50-field_6-last-error\" required><label for=\"wpforms-50-field_6-last\" class=\"wpforms-field-sublabel after\">Achternaam<\/label><\/div><\/div><\/fieldset><\/div><div id=\"wpforms-50-field_1-container\" class=\"wpforms-field wpforms-field-text wpforms-one-half\" data-field-id=\"1\"><label class=\"wpforms-field-label\" for=\"wpforms-50-field_1\">Firma<\/label><input type=\"text\" id=\"wpforms-50-field_1\" class=\"wpforms-field-large\" name=\"wpforms[fields][1]\" aria-errormessage=\"wpforms-50-field_1-error\" ><\/div><div id=\"wpforms-50-field_5-container\" class=\"wpforms-field wpforms-field-email wpforms-one-half wpforms-first\" data-field-id=\"5\"><label class=\"wpforms-field-label\" for=\"wpforms-50-field_5\">E-Mail-Adresse <span class=\"wpforms-required-label\" aria-hidden=\"true\">*<\/span><\/label><input type=\"email\" id=\"wpforms-50-field_5\" class=\"wpforms-field-large wpforms-field-required\" name=\"wpforms[fields][5]\" spellcheck=\"false\" aria-errormessage=\"wpforms-50-field_5-error\" required><\/div><div id=\"wpforms-50-field_2-container\" class=\"wpforms-field wpforms-field-phone wpforms-one-half\" data-field-id=\"2\"><label class=\"wpforms-field-label\" for=\"wpforms-50-field_2\">Telefonnummer <span class=\"wpforms-required-label\" aria-hidden=\"true\">*<\/span><\/label><input type=\"tel\" id=\"wpforms-50-field_2\" class=\"wpforms-field-large wpforms-field-required wpforms-smart-phone-field\" data-rule-smart-phone-field=\"true\" name=\"wpforms[fields][2]\" aria-label=\"Telefonnummer\" aria-errormessage=\"wpforms-50-field_2-error\" required><\/div><div id=\"wpforms-50-field_7-container\" class=\"wpforms-field wpforms-field-text wpforms-one-half wpforms-first\" data-field-id=\"7\"><label class=\"wpforms-field-label\" for=\"wpforms-50-field_7\">Welche Produkte m\u00f6chtest du Anbieten <span class=\"wpforms-required-label\" aria-hidden=\"true\">*<\/span><\/label><input type=\"text\" id=\"wpforms-50-field_7\" class=\"wpforms-field-large wpforms-field-required\" name=\"wpforms[fields][7]\" aria-errormessage=\"wpforms-50-field_7-error\" aria-describedby=\"wpforms-50-field_7-description\" required><div id=\"wpforms-50-field_7-description\" class=\"wpforms-field-description\">Bitte gib uns einen kurzen \u00dcberblick, welche Produkte und Pflanzenarten du anbietest.<\/div><\/div><div id=\"wpforms-50-field_4-container\" class=\"wpforms-field wpforms-field-url wpforms-one-half\" data-field-id=\"4\"><label class=\"wpforms-field-label\" for=\"wpforms-50-field_4\">Website \/ URL<\/label><input type=\"url\" id=\"wpforms-50-field_4\" class=\"wpforms-field-large\" name=\"wpforms[fields][4]\" aria-errormessage=\"wpforms-50-field_4-error\" ><\/div><div id=\"wpforms-50-field_9-container\" class=\"wpforms-field wpforms-field-checkbox wpforms-list-inline\" data-field-id=\"9\"><fieldset><legend class=\"wpforms-field-label\">Was ben\u00f6tigst du ? <span class=\"wpforms-required-label\" aria-hidden=\"true\">*<\/span><\/legend><ul id=\"wpforms-50-field_9\" class=\"wpforms-field-required wpforms-icon-choices wpforms-icon-choices-default wpforms-icon-choices-medium\" style=\"--wpforms-icon-choices-color: #003417;\"><li class=\"choice-1 depth-1 wpforms-icon-choices-item\"><label class=\"wpforms-field-label-inline\" for=\"wpforms-50-field_9_1\">\n\t\t\t\t<span class=\"wpforms-icon-choices-icon\">\n\t\t\t\t\t<svg xmlns=\"http:\/\/www.w3.org\/2000\/svg\" width=\"60\" height=\"48px\" viewBox=\"0 0 512 512\"><!--! Font Awesome Free 6.4.0 by @fontawesome - https:\/\/fontawesome.com License - https:\/\/fontawesome.com\/license\/free (Icons: CC BY 4.0, Fonts: SIL OFL 1.1, Code: MIT License) Copyright 2023 Fonticons, Inc. --><path d=\"M64 256V160H224v96H64zm0 64H224v96H64V320zm224 96V320H448v96H288zM448 256H288V160H448v96zM64 32C28.7 32 0 60.7 0 96V416c0 35.3 28.7 64 64 64H448c35.3 0 64-28.7 64-64V96c0-35.3-28.7-64-64-64H64z\"\/><\/svg>\n\t\t\t\t\t<span class=\"wpforms-icon-choices-icon-bg\"><\/span>\n\t\t\t\t<\/span>\n\t\t\t\t<input type=\"checkbox\" id=\"wpforms-50-field_9_1\" class=\"wpforms-screen-reader-element\" name=\"wpforms[fields][9][]\" value=\"Tische\" aria-errormessage=\"wpforms-50-field_9_1-error\" required >\n\t\t\t\t<span class=\"wpforms-icon-choices-label\">Tische<\/span>\n\t\t\t<\/label><\/li><li class=\"choice-2 depth-1 wpforms-icon-choices-item\"><label class=\"wpforms-field-label-inline\" for=\"wpforms-50-field_9_2\">\n\t\t\t\t<span class=\"wpforms-icon-choices-icon\">\n\t\t\t\t\t<svg xmlns=\"http:\/\/www.w3.org\/2000\/svg\" width=\"60\" height=\"48px\" viewBox=\"0 0 512 512\"><!--! Font Awesome Free 6.4.0 by @fontawesome - https:\/\/fontawesome.com License - https:\/\/fontawesome.com\/license\/free (Icons: CC BY 4.0, Fonts: SIL OFL 1.1, Code: MIT License) Copyright 2023 Fonticons, Inc. --><path d=\"M64 64c0-17.7-14.3-32-32-32S0 46.3 0 64V400c0 44.2 35.8 80 80 80H480c17.7 0 32-14.3 32-32s-14.3-32-32-32H80c-8.8 0-16-7.2-16-16V64zm96 288H448c17.7 0 32-14.3 32-32V251.8c0-7.6-2.7-15-7.7-20.8l-65.8-76.8c-12.1-14.2-33.7-15-46.9-1.8l-21 21c-10 10-26.4 9.2-35.4-1.6l-39.2-47c-12.6-15.1-35.7-15.4-48.7-.6L135.9 215c-5.1 5.8-7.9 13.3-7.9 21.1v84c0 17.7 14.3 32 32 32z\"\/><\/svg>\n\t\t\t\t\t<span class=\"wpforms-icon-choices-icon-bg\"><\/span>\n\t\t\t\t<\/span>\n\t\t\t\t<input type=\"checkbox\" id=\"wpforms-50-field_9_2\" class=\"wpforms-screen-reader-element\" name=\"wpforms[fields][9][]\" value=\"Freie Standfl\u00e4che\" aria-errormessage=\"wpforms-50-field_9_2-error\" required >\n\t\t\t\t<span class=\"wpforms-icon-choices-label\">Freie Standfl\u00e4che<\/span>\n\t\t\t<\/label><\/li><li class=\"choice-4 depth-1 wpforms-icon-choices-item\"><label class=\"wpforms-field-label-inline\" for=\"wpforms-50-field_9_4\">\n\t\t\t\t<span class=\"wpforms-icon-choices-icon\">\n\t\t\t\t\t<svg xmlns=\"http:\/\/www.w3.org\/2000\/svg\" width=\"60\" height=\"48px\" viewBox=\"0 0 448 512\"><!--! Font Awesome Free 6.4.0 by @fontawesome - https:\/\/fontawesome.com License - https:\/\/fontawesome.com\/license\/free (Icons: CC BY 4.0, Fonts: SIL OFL 1.1, Code: MIT License) Copyright 2023 Fonticons, Inc. --><path d=\"M248 48V256h48V58.7c23.9 13.8 40 39.7 40 69.3V256h48V128C384 57.3 326.7 0 256 0H192C121.3 0 64 57.3 64 128V256h48V128c0-29.6 16.1-55.5 40-69.3V256h48V48h48zM48 288c-12.1 0-23.2 6.8-28.6 17.7l-16 32c-5 9.9-4.4 21.7 1.4 31.1S20.9 384 32 384l0 96c0 17.7 14.3 32 32 32s32-14.3 32-32V384H352v96c0 17.7 14.3 32 32 32s32-14.3 32-32V384c11.1 0 21.4-5.7 27.2-15.2s6.4-21.2 1.4-31.1l-16-32C423.2 294.8 412.1 288 400 288H48z\"\/><\/svg>\n\t\t\t\t\t<span class=\"wpforms-icon-choices-icon-bg\"><\/span>\n\t\t\t\t<\/span>\n\t\t\t\t<input type=\"checkbox\" id=\"wpforms-50-field_9_4\" class=\"wpforms-screen-reader-element\" name=\"wpforms[fields][9][]\" value=\"Stuhl\" aria-errormessage=\"wpforms-50-field_9_4-error\" required >\n\t\t\t\t<span class=\"wpforms-icon-choices-label\">Stuhl<\/span>\n\t\t\t<\/label><\/li><li class=\"choice-3 depth-1 wpforms-icon-choices-item\"><label class=\"wpforms-field-label-inline\" for=\"wpforms-50-field_9_3\">\n\t\t\t\t<span class=\"wpforms-icon-choices-icon\">\n\t\t\t\t\t<svg xmlns=\"http:\/\/www.w3.org\/2000\/svg\" width=\"60\" height=\"48px\" viewBox=\"0 0 384 512\"><!--! Font Awesome Free 6.4.0 by @fontawesome - https:\/\/fontawesome.com License - https:\/\/fontawesome.com\/license\/free (Icons: CC BY 4.0, Fonts: SIL OFL 1.1, Code: MIT License) Copyright 2023 Fonticons, Inc. --><path d=\"M0 256L28.5 28c2-16 15.6-28 31.8-28H228.9c15 0 27.1 12.1 27.1 27.1c0 3.2-.6 6.5-1.7 9.5L208 160H347.3c20.2 0 36.7 16.4 36.7 36.7c0 7.4-2.2 14.6-6.4 20.7l-192.2 281c-5.9 8.6-15.6 13.7-25.9 13.7h-2.9c-15.7 0-28.5-12.8-28.5-28.5c0-2.3 .3-4.6 .9-6.9L176 288H32c-17.7 0-32-14.3-32-32z\"\/><\/svg>\n\t\t\t\t\t<span class=\"wpforms-icon-choices-icon-bg\"><\/span>\n\t\t\t\t<\/span>\n\t\t\t\t<input type=\"checkbox\" id=\"wpforms-50-field_9_3\" class=\"wpforms-screen-reader-element\" name=\"wpforms[fields][9][]\" value=\"Stromanschluss\" aria-errormessage=\"wpforms-50-field_9_3-error\" required >\n\t\t\t\t<span class=\"wpforms-icon-choices-label\">Stromanschluss<\/span>\n\t\t\t<\/label><\/li><\/ul><\/fieldset><\/div><div id=\"wpforms-50-field_10-container\" class=\"wpforms-field wpforms-field-number\" data-field-id=\"10\"><label class=\"wpforms-field-label\" for=\"wpforms-50-field_10\">Wie viel Fl\u00e4che ben\u00f6tigst du (Meter x Meter) ? <span class=\"wpforms-required-label\" aria-hidden=\"true\">*<\/span><\/label><input type=\"number\" id=\"wpforms-50-field_10\" class=\"wpforms-field-medium wpforms-field-required\" name=\"wpforms[fields][10]\" aria-errormessage=\"wpforms-50-field_10-error\" aria-describedby=\"wpforms-50-field_10-description\" required><div id=\"wpforms-50-field_10-description\" class=\"wpforms-field-description\">Bitte beachte das unsere Standardtische 2m x 0,5m sind, entprechend kannst du ein Vielfaches dieser Tische kalkulieren.<\/div><\/div><div id=\"wpforms-50-field_25-container\" class=\"wpforms-field wpforms-field-number-slider\" data-field-id=\"25\"><label class=\"wpforms-field-label\" for=\"wpforms-50-field_25\">Anzahl zus\u00e4tzlicher Eintrittskarten<\/label>\n<input\n\ttype=\"range\"\n\tid=\"wpforms-50-field_25\" class=\"wpforms-field-medium\" name=\"wpforms[fields][25]\" value=\"0\" aria-errormessage=\"wpforms-50-field_25-error\"\t\tmin=\"0\"\n\tmax=\"10\"\n\tstep=\"1\">\n\n<div class=\"wpforms-field-number-slider-hint\"\n\tdata-hint=\"Anzahl Eintrittskarten: {value}\">\n\tAnzahl Eintrittskarten: <b>0<\/b><\/div>\n<\/div><div id=\"wpforms-50-field_11-container\" class=\"wpforms-field wpforms-field-textarea\" data-field-id=\"11\"><label class=\"wpforms-field-label\" for=\"wpforms-50-field_11\">Deine Nachricht an uns<\/label><textarea id=\"wpforms-50-field_11\" class=\"wpforms-field-medium\" name=\"wpforms[fields][11]\" aria-errormessage=\"wpforms-50-field_11-error\" aria-describedby=\"wpforms-50-field_11-description\" ><\/textarea><div id=\"wpforms-50-field_11-description\" class=\"wpforms-field-description\">Gerne kannst du uns weitere Informationen und W\u00fcnsche f\u00fcr deinen Stand zukommen lassen.<\/div><\/div><div id=\"wpforms-50-field_16-container\" class=\"wpforms-field wpforms-field-html\" data-field-id=\"16\"><div id=\"wpforms-50-field_16\" aria-errormessage=\"wpforms-50-field_16-error\"><a href=\"https:\/\/theplantfestival.com\/marktordnung\/\" target=\"_blank\" rel=\"noopener noreferrer\">Marktordnung<\/a> <\/div><\/div><div id=\"wpforms-50-field_20-container\" class=\"wpforms-field wpforms-field-checkbox\" data-field-id=\"20\"><fieldset><legend class=\"wpforms-field-label\"> <span class=\"wpforms-required-label\" aria-hidden=\"true\">*<\/span><\/legend><ul id=\"wpforms-50-field_20\" class=\"wpforms-field-required\"><li class=\"choice-1 depth-1\"><input type=\"checkbox\" id=\"wpforms-50-field_20_1\" name=\"wpforms[fields][20][]\" value=\"Ich habe die Marktordnung gelesen\" aria-errormessage=\"wpforms-50-field_20_1-error\" required ><label class=\"wpforms-field-label-inline\" for=\"wpforms-50-field_20_1\">Ich habe die Marktordnung gelesen<\/label><\/li><\/ul><\/fieldset><\/div><\/div><!-- .wpforms-field-container --><div class=\"wpforms-submit-container\" ><input type=\"hidden\" name=\"wpforms[id]\" value=\"50\"><input type=\"hidden\" name=\"page_title\" value=\"\"><input type=\"hidden\" name=\"page_url\" value=\"https:\/\/theplantfestival.com\/nl\/wp-json\/wp\/v2\/pages\/57\"><button type=\"submit\" name=\"wpforms[submit]\" id=\"wpforms-submit-50\" class=\"wpforms-submit\" data-alt-text=\"Wird gesendet\u00a0\u2026\" data-submit-text=\"Absenden\" aria-live=\"assertive\" value=\"wpforms-submit\">Absenden<\/button><img decoding=\"async\" src=\"https:\/\/theplantfestival.com\/wp-content\/plugins\/wpforms\/assets\/images\/submit-spin.svg\" class=\"wpforms-submit-spinner\" style=\"display: none;\" width=\"26\" height=\"26\" alt=\"Aan het laden\"><\/div><\/form><\/div>  <!-- .wpforms-container --><\/div>\n\t\t\t\t\t\t<\/div>\n\t\t\t\t<\/div>\n\t\t\t\t\t<\/div>\n\t\t\t\t<\/div>\n\t\t\t\t<\/div>\n\t\t","protected":false},"excerpt":{"rendered":"<p>Du m\u00f6chtest gerne am The Plant Festival als Aussteller teilnehmen ?Dann f\u00fclle uns bitte das folgende Formular aus, du erh\u00e4lst [&hellip;]<\/p>\n","protected":false},"author":1,"featured_media":0,"parent":0,"menu_order":0,"comment_status":"closed","ping_status":"closed","template":"","meta":{"site-sidebar-layout":"no-sidebar","site-content-layout":"","ast-site-content-layout":"full-width-container","site-content-style":"default","site-sidebar-style":"default","ast-global-header-display":"","ast-banner-title-visibility":"","ast-main-header-display":"","ast-hfb-above-header-display":"","ast-hfb-below-header-display":"","ast-hfb-mobile-header-display":"","site-post-title":"disabled","ast-breadcrumbs-content":"","ast-featured-img":"disabled","footer-sml-layout":"","ast-disable-related-posts":"","theme-transparent-header-meta":"","adv-header-id-meta":"","stick-header-meta":"","header-above-stick-meta":"","header-main-stick-meta":"","header-below-stick-meta":"","astra-migrate-meta-layouts":"default","ast-page-background-enabled":"default","ast-page-background-meta":{"desktop":{"background-color":"var(--ast-global-color-4)","background-image":"","background-repeat":"repeat","background-position":"center center","background-size":"auto","background-attachment":"scroll","background-type":"","background-media":"","overlay-type":"","overlay-color":"","overlay-opacity":"","overlay-gradient":""},"tablet":{"background-color":"","background-image":"","background-repeat":"repeat","background-position":"center center","background-size":"auto","background-attachment":"scroll","background-type":"","background-media":"","overlay-type":"","overlay-color":"","overlay-opacity":"","overlay-gradient":""},"mobile":{"background-color":"","background-image":"","background-repeat":"repeat","background-position":"center center","background-size":"auto","background-attachment":"scroll","background-type":"","background-media":"","overlay-type":"","overlay-color":"","overlay-opacity":"","overlay-gradient":""}},"ast-content-background-meta":{"desktop":{"background-color":"var(--ast-global-color-5)","background-image":"","background-repeat":"repeat","background-position":"center center","background-size":"auto","background-attachment":"scroll","background-type":"","background-media":"","overlay-type":"","overlay-color":"","overlay-opacity":"","overlay-gradient":""},"tablet":{"background-color":"var(--ast-global-color-5)","background-image":"","background-repeat":"repeat","background-position":"center center","background-size":"auto","background-attachment":"scroll","background-type":"","background-media":"","overlay-type":"","overlay-color":"","overlay-opacity":"","overlay-gradient":""},"mobile":{"background-color":"var(--ast-global-color-5)","background-image":"","background-repeat":"repeat","background-position":"center center","background-size":"auto","background-attachment":"scroll","background-type":"","background-media":"","overlay-type":"","overlay-color":"","overlay-opacity":"","overlay-gradient":""}},"footnotes":""},"class_list":["post-57","page","type-page","status-publish","hentry"],"jetpack_sharing_enabled":true,"_links":{"self":[{"href":"https:\/\/theplantfestival.com\/nl\/wp-json\/wp\/v2\/pages\/57","targetHints":{"allow":["GET"]}}],"collection":[{"href":"https:\/\/theplantfestival.com\/nl\/wp-json\/wp\/v2\/pages"}],"about":[{"href":"https:\/\/theplantfestival.com\/nl\/wp-json\/wp\/v2\/types\/page"}],"author":[{"embeddable":true,"href":"https:\/\/theplantfestival.com\/nl\/wp-json\/wp\/v2\/users\/1"}],"replies":[{"embeddable":true,"href":"https:\/\/theplantfestival.com\/nl\/wp-json\/wp\/v2\/comments?post=57"}],"version-history":[{"count":40,"href":"https:\/\/theplantfestival.com\/nl\/wp-json\/wp\/v2\/pages\/57\/revisions"}],"predecessor-version":[{"id":814,"href":"https:\/\/theplantfestival.com\/nl\/wp-json\/wp\/v2\/pages\/57\/revisions\/814"}],"wp:attachment":[{"href":"https:\/\/theplantfestival.com\/nl\/wp-json\/wp\/v2\/media?parent=57"}],"curies":[{"name":"wp","href":"https:\/\/api.w.org\/{rel}","templated":true}]}}